{"id":1756,"date":"2019-02-11T12:58:16","date_gmt":"2019-02-11T09:58:16","guid":{"rendered":"http:\/\/www.afacan.com.tr\/uk\/?page_id=1756"},"modified":"2026-01-22T15:05:00","modified_gmt":"2026-01-22T12:05:00","slug":"contact-2","status":"publish","type":"page","link":"https:\/\/www.afacan.com.tr\/uk\/contact-2\/","title":{"rendered":"Contacts"},"content":{"rendered":"<h3 style=\"text-align: center;\">SALES &amp; MARKETING<\/h3>\n<h5 style=\"text-align: center;\">Mobile: +90 549 684 16 00<\/h5>\n<h5 style=\"text-align: center;\">E-mail: sales@afacan.com.tr<\/h5>\n<p style=\"text-align: center;\">&#8212;&#8212;&#8212;&#8212;&#8212;&#8212;&#8212;-<\/p>\n<h3 style=\"text-align: center;\">SERVICES<\/h3>\n<h5 style=\"text-align: center;\">Tel: +90 530 665 60 54<\/h5>\n<h5 style=\"text-align: center;\">Please contact for service and machine failures only<\/h5>\n<p style=\"text-align: center;\">&#8212;&#8212;&#8212;&#8212;&#8212;&#8212;&#8212;-<\/p>\n<h3 style=\"text-align: center;\">GENERAL<\/h3>\n<h5 style=\"text-align: center;\">Phone: +90 266 281 11 30<\/h5>\n<h5 style=\"text-align: center;\">Fax: +90 266 281 11 33<\/h5>\n<h5 style=\"text-align: center;\">Address: Organize Sanayi B\u00f6lgesi 10. Cad. No.5 Alt\u0131eyl\u00fcl Bal\u0131kesir \/ TURKEY<\/h5>\n<p><strong><a style=\"color: #ff0000;\" href=\"https:\/\/www.google.com\/maps\/place\/AFACAN+MAKINE+METAL+SAN.+TIC.+LTD.+STI.\/@39.5881551,27.8452601,15z\/data=!4m5!3m4!1s0x0:0xb26b84d088b94e28!8m2!3d39.5881551!4d27.8452601\" target=\"_blank\" rel=\"noopener noreferrer\">Please Click For our Factory Route<\/a><\/strong><\/p>\n<p><center><iframe loading=\"lazy\" style=\"border: 0;\" src=\"https:\/\/www.google.com\/maps\/embed?pb=!1m18!1m12!1m3!1d3074.7333671815045!2d27.843071415202562!3d39.58815921353598!2m3!1f0!2f0!3f0!3m2!1i1024!2i768!4f13.1!3m3!1m2!1s0x14b706bb79aa64d3%3A0xb26b84d088b94e28!2sAFACAN%20MAKINE%20METAL%20SAN.%20TIC.%20LTD.%20STI.!5e0!3m2!1str!2str!4v1570625286682!5m2!1str!2str\" width=\"600\" height=\"450\" frameborder=\"0\" allowfullscreen=\"allowfullscreen\"><\/iframe><\/center><\/p>\n\n<div class=\"wpcf7 no-js\" id=\"wpcf7-f1373-o1\" lang=\"tr-TR\" dir=\"ltr\" data-wpcf7-id=\"1373\">\n<div class=\"screen-reader-response\"><p role=\"status\" aria-live=\"polite\" aria-atomic=\"true\"><\/p> <ul><\/ul><\/div>\n<form action=\"\/uk\/wp-json\/wp\/v2\/pages\/1756#wpcf7-f1373-o1\" method=\"post\" class=\"wpcf7-form init\" aria-label=\"\u0130leti\u015fim Formu\" novalidate=\"novalidate\" data-status=\"init\">\n<fieldset class=\"hidden-fields-container\"><input type=\"hidden\" name=\"_wpcf7\" value=\"1373\" \/><input type=\"hidden\" name=\"_wpcf7_version\" value=\"6.1.5\" \/><input type=\"hidden\" name=\"_wpcf7_locale\" value=\"tr_TR\" \/><input type=\"hidden\" name=\"_wpcf7_unit_tag\" value=\"wpcf7-f1373-o1\" \/><input type=\"hidden\" name=\"_wpcf7_container_post\" value=\"0\" \/><input type=\"hidden\" name=\"_wpcf7_posted_data_hash\" value=\"\" \/>\n<\/fieldset>\n<h1>Please Contact With Us\n<\/h1>\n<p><label> Your Name (required)<br \/>\n<span class=\"wpcf7-form-control-wrap\" data-name=\"your-name\"><input size=\"40\" maxlength=\"400\" class=\"wpcf7-form-control wpcf7-text wpcf7-validates-as-required\" aria-required=\"true\" aria-invalid=\"false\" value=\"\" type=\"text\" name=\"your-name\" \/><\/span> <\/label>\n<\/p>\n<p><label> E-mail (required)<br \/>\n<span class=\"wpcf7-form-control-wrap\" data-name=\"your-email\"><input size=\"40\" maxlength=\"400\" class=\"wpcf7-form-control wpcf7-email wpcf7-validates-as-required wpcf7-text wpcf7-validates-as-email\" aria-required=\"true\" aria-invalid=\"false\" value=\"\" type=\"email\" name=\"your-email\" \/><\/span> <\/label>\n<\/p>\n<p><label> Subject<br \/>\n<span class=\"wpcf7-form-control-wrap\" data-name=\"your-subject\"><input size=\"40\" maxlength=\"400\" class=\"wpcf7-form-control wpcf7-text\" aria-invalid=\"false\" value=\"\" type=\"text\" name=\"your-subject\" \/><\/span> <\/label>\n<\/p>\n<p><label> Your Message<br \/>\n<span class=\"wpcf7-form-control-wrap\" data-name=\"your-message\"><textarea cols=\"40\" rows=\"10\" maxlength=\"2000\" class=\"wpcf7-form-control wpcf7-textarea\" aria-invalid=\"false\" name=\"your-message\"><\/textarea><\/span> <\/label>\n<\/p>\n<p><input class=\"wpcf7-form-control wpcf7-submit has-spinner\" type=\"submit\" value=\"Submit\" \/>\n<\/p><div class=\"wpcf7-response-output\" aria-hidden=\"true\"><\/div>\n<\/form>\n<\/div>\n\n","protected":false},"excerpt":{"rendered":"<p>SALES &amp; MARKETING Mobile: +90 549 684 16 00 E-mail: sales@afacan.com.tr &#8212;&#8212;&#8212;&#8212;&#8212;&#8212;&#8212;- SERVICES Tel: +90 530 665 60 54 Please contact for service and machine failures only &#8212;&#8212;&#8212;&#8212;&#8212;&#8212;&#8212;- GENERAL Phone: +90 266 281 11 30 Fax: +90 266 281 11 33 Address: Organize Sanayi B\u00f6lgesi 10. Cad. No.5 Alt\u0131eyl\u00fcl Bal\u0131kesir \/ TURKEY Please Click For&#8230;<\/p>\n","protected":false},"author":1,"featured_media":0,"parent":0,"menu_order":0,"comment_status":"closed","ping_status":"closed","template":"","meta":{"_crdt_document":"","_joinchat":[],"footnotes":""},"class_list":["post-1756","page","type-page","status-publish","hentry"],"aioseo_notices":[],"_links":{"self":[{"href":"https:\/\/www.afacan.com.tr\/uk\/wp-json\/wp\/v2\/pages\/1756","targetHints":{"allow":["GET"]}}],"collection":[{"href":"https:\/\/www.afacan.com.tr\/uk\/wp-json\/wp\/v2\/pages"}],"about":[{"href":"https:\/\/www.afacan.com.tr\/uk\/wp-json\/wp\/v2\/types\/page"}],"author":[{"embeddable":true,"href":"https:\/\/www.afacan.com.tr\/uk\/wp-json\/wp\/v2\/users\/1"}],"replies":[{"embeddable":true,"href":"https:\/\/www.afacan.com.tr\/uk\/wp-json\/wp\/v2\/comments?post=1756"}],"version-history":[{"count":67,"href":"https:\/\/www.afacan.com.tr\/uk\/wp-json\/wp\/v2\/pages\/1756\/revisions"}],"predecessor-version":[{"id":2579,"href":"https:\/\/www.afacan.com.tr\/uk\/wp-json\/wp\/v2\/pages\/1756\/revisions\/2579"}],"wp:attachment":[{"href":"https:\/\/www.afacan.com.tr\/uk\/wp-json\/wp\/v2\/media?parent=1756"}],"curies":[{"name":"wp","href":"https:\/\/api.w.org\/{rel}","templated":true}]}}