{"id":986,"date":"2017-01-03T17:12:15","date_gmt":"2017-01-03T14:12:15","guid":{"rendered":"http:\/\/www.afacan.com.tr\/uk\/?page_id=986"},"modified":"2019-10-10T09:09:20","modified_gmt":"2019-10-10T06:09:20","slug":"home","status":"publish","type":"page","link":"https:\/\/www.afacan.com.tr\/uk\/","title":{"rendered":"Home"},"content":{"rendered":"<p><html><br \/>\n<body bgcolor=\"#E6E6FA\"><\/p>\n<h1>Hello world!<\/h1>\n<p><a href=\"https:\/\/www.w3schools.com\">Visit W3Schools.com!<\/a><\/p>\n<p><\/body><br \/>\n<\/html><\/p>\n<h2>[wonderplugin_slider id=&#8221;1&#8243;]<\/h2>\n<h2>PRODUCTS<\/h2>\n<div class=\"woocommerce columns-4\"><ul class=\"products columns-4\">\n<li class=\"product-category product first\">\n\t<a aria-label=\"Visit product category Hand Tools\" href=\"https:\/\/www.afacan.com.tr\/uk\/urun-kategori\/hand-tools\/\"><img loading=\"lazy\" decoding=\"async\" src=\"https:\/\/www.afacan.com.tr\/uk\/wp-content\/uploads\/sites\/7\/6M-W1-400x400.jpg\" alt=\"Hand Tools\" width=\"400\" height=\"400\" srcset=\"https:\/\/www.afacan.com.tr\/uk\/wp-content\/uploads\/sites\/7\/6M-W1-400x400.jpg 400w, https:\/\/www.afacan.com.tr\/uk\/wp-content\/uploads\/sites\/7\/6M-W1-100x100.jpg 100w, https:\/\/www.afacan.com.tr\/uk\/wp-content\/uploads\/sites\/7\/6M-W1-324x324.jpg 324w\" sizes=\"auto, (max-width: 400px) 100vw, 400px\" \/>\t\t<h2 class=\"woocommerce-loop-category__title\">\n\t\t\tHand Tools <mark class=\"count\">(45)<\/mark>\t\t<\/h2>\n\t\t<\/a><\/li>\n<li class=\"product-category product\">\n\t<a aria-label=\"Visit product category Machines\" href=\"https:\/\/www.afacan.com.tr\/uk\/urun-kategori\/machines\/\"><img loading=\"lazy\" decoding=\"async\" src=\"https:\/\/www.afacan.com.tr\/uk\/wp-content\/uploads\/sites\/7\/R18-2-400x400.png\" alt=\"Machines\" width=\"400\" height=\"400\" srcset=\"https:\/\/www.afacan.com.tr\/uk\/wp-content\/uploads\/sites\/7\/R18-2-400x400.png 400w, https:\/\/www.afacan.com.tr\/uk\/wp-content\/uploads\/sites\/7\/R18-2-600x600.png 600w, https:\/\/www.afacan.com.tr\/uk\/wp-content\/uploads\/sites\/7\/R18-2-1024x1024.png 1024w, https:\/\/www.afacan.com.tr\/uk\/wp-content\/uploads\/sites\/7\/R18-2-200x200.png 200w, https:\/\/www.afacan.com.tr\/uk\/wp-content\/uploads\/sites\/7\/R18-2-1536x1536.png 1536w, https:\/\/www.afacan.com.tr\/uk\/wp-content\/uploads\/sites\/7\/R18-2-380x380.png 380w, https:\/\/www.afacan.com.tr\/uk\/wp-content\/uploads\/sites\/7\/R18-2-100x100.png 100w, https:\/\/www.afacan.com.tr\/uk\/wp-content\/uploads\/sites\/7\/R18-2.png 1876w\" sizes=\"auto, (max-width: 400px) 100vw, 400px\" \/>\t\t<h2 class=\"woocommerce-loop-category__title\">\n\t\t\tMachines <mark class=\"count\">(20)<\/mark>\t\t<\/h2>\n\t\t<\/a><\/li>\n<\/ul>\n<\/div>\n<div class=\"telefonlar\">\n<div>\n<h3>SALES<\/h3>\n<h4>Tel: +90 266 281 11 30<\/h4>\n<h4>Mobile: +90 549 281 11 30<\/h4>\n<h4>E-mail: satis@afacan.com.tr<\/h4>\n<\/div>\n<div>\n<h3>SERVICES<\/h3>\n<h4>Tel: +90 530 665 60 54<\/h4>\n<h4>Plase call just for services failures<\/h4>\n<\/div>\n<div>\n<h3>GENERAL<\/h3>\n<h4>Tel: +90 266 281 11 30<\/h4>\n<h4>Fax: +90 266 281 11 33<\/h4>\n<h4>Address: Organize Sanayi B\u00f6lgesi 10. Cad. No.5 Alt\u0131eyl\u00fcl Bal\u0131kesir \/ TURKEY<\/h4>\n<\/div>\n<\/div>\n","protected":false},"excerpt":{"rendered":"<p>Hello world! Visit W3Schools.com! [wonderplugin_slider id=&#8221;1&#8243;] PRODUCTS SALES Tel: +90 266 281 11 30 Mobile: +90 549 281 11 30 E-mail: satis@afacan.com.tr SERVICES Tel: +90 530 665 60 54 Plase call just for services failures GENERAL Tel: +90 266 281 11 30 Fax: +90 266 281 11 33 Address: Organize Sanayi B\u00f6lgesi 10. Cad. No.5&#8230;<\/p>\n","protected":false},"author":1,"featured_media":0,"parent":0,"menu_order":0,"comment_status":"closed","ping_status":"closed","template":"","meta":{"_crdt_document":"","_joinchat":[],"footnotes":""},"class_list":["post-986","page","type-page","status-publish","hentry"],"aioseo_notices":[],"_links":{"self":[{"href":"https:\/\/www.afacan.com.tr\/uk\/wp-json\/wp\/v2\/pages\/986","targetHints":{"allow":["GET"]}}],"collection":[{"href":"https:\/\/www.afacan.com.tr\/uk\/wp-json\/wp\/v2\/pages"}],"about":[{"href":"https:\/\/www.afacan.com.tr\/uk\/wp-json\/wp\/v2\/types\/page"}],"author":[{"embeddable":true,"href":"https:\/\/www.afacan.com.tr\/uk\/wp-json\/wp\/v2\/users\/1"}],"replies":[{"embeddable":true,"href":"https:\/\/www.afacan.com.tr\/uk\/wp-json\/wp\/v2\/comments?post=986"}],"version-history":[{"count":79,"href":"https:\/\/www.afacan.com.tr\/uk\/wp-json\/wp\/v2\/pages\/986\/revisions"}],"predecessor-version":[{"id":2201,"href":"https:\/\/www.afacan.com.tr\/uk\/wp-json\/wp\/v2\/pages\/986\/revisions\/2201"}],"wp:attachment":[{"href":"https:\/\/www.afacan.com.tr\/uk\/wp-json\/wp\/v2\/media?parent=986"}],"curies":[{"name":"wp","href":"https:\/\/api.w.org\/{rel}","templated":true}]}}